{"id":2077,"date":"2013-06-03T08:38:57","date_gmt":"2013-06-03T08:38:57","guid":{"rendered":"http:\/\/localhost\/wordpress\/?page_id=2077"},"modified":"2016-08-29T17:00:28","modified_gmt":"2016-08-29T17:00:28","slug":"variation-1","status":"publish","type":"page","link":"https:\/\/www.clinicalondresguatemala.com\/","title":{"rendered":"Inicio"},"content":{"rendered":"<div class=\"su-spacer\" style=\"height:5px\"><\/div>\n<div class=\"large-3 columns \">\n<a href=\"https:\/\/www.clinicalondresguatemala.com\/citaswp.php\" target=\"_blank\" class=\"button  medium alert   \"><span class=\"\"><\/span>\n<div class=\"su-spacer\" style=\"height:25px\"><\/div>\n<p style=\"font-size: 20px; font-family: Arial, Helvetica, sans-serif;\">HACER UNA CITA<\/p>\n<div class=\"su-spacer\" style=\"height:1px\"><\/div>\n<p style=\"font-size: 16px; font-family: Arial, Helvetica, sans-serif;\">Para solicitar una cita favor de llenar sus datos aqu\u00ed..<\/p>\n<div class=\"su-spacer\" style=\"height:27px\"><\/div>\n<\/a>\n<\/div><div class=\"large-3 columns \"><div class=\"featured-block \"><a href=\"https:\/\/www.clinicalondresguatemala.com\/?page_id=3288\" ><span class=\" icon-question-sign fblock-icon\"><\/span><div class=\"fblock-content\"><p class=\"fblock-main\">INFORMACI\u00d3N ESTUDIOS<\/p><p class=\"fblock-sub\">M\u00e1s\u00a0Informaci\u00f3n..<\/p><\/div><\/a><\/div><\/div><div class=\"large-3 columns \"><div class=\"featured-block \"><a href=\"https:\/\/www.clinicalondresguatemala.com\/?page_id=3268\" ><span class=\"icon-map-marker fblock-icon\"><\/span><div class=\"fblock-content\"><p class=\"fblock-main\">MAPA UBICAC\u00cdON<\/p><p class=\"fblock-sub\">Learn More<\/p><\/div><\/a><\/div><\/div><div class=\"large-3 columns \"><div class=\"featured-block \"><a href=\"https:\/\/www.clinicalondresguatemala.com\/?page_id=3265\" ><span class=\"icon-time fblock-icon\"><\/span><div class=\"fblock-content\"><p class=\"fblock-main\">HORARIOS<\/p><p class=\"fblock-sub\">M\u00e1s\u00a0Informaci\u00f3n..<\/p><\/div><\/a><\/div><\/div>\n<div class=\"su-spacer\" style=\"height:5px\"><\/div>\n<iframe loading=\"lazy\" width=\"560\" height=\"315\" src=\"https:\/\/www.youtube.com\/embed\/EuzDSt_FgUA\" frameborder=\"0\" allowfullscreen><\/iframe><\/p>\n","protected":false},"excerpt":{"rendered":"HACER UNA CITA Para solicitar una cita favor de llenar sus datos aqu\u00ed.. INFORMACI\u00d3N ESTUDIOSM\u00e1s\u00a0Informaci\u00f3n..MAPA UBICAC\u00cdONLearn MoreHORARIOSM\u00e1s\u00a0Informaci\u00f3n..","protected":false},"author":1,"featured_media":0,"parent":0,"menu_order":0,"comment_status":"open","ping_status":"closed","template":"homepage-template.php","meta":{"footnotes":""},"class_list":["post-2077","page","type-page","status-publish","hentry"],"_links":{"self":[{"href":"https:\/\/www.clinicalondresguatemala.com\/index.php?rest_route=\/wp\/v2\/pages\/2077","targetHints":{"allow":["GET"]}}],"collection":[{"href":"https:\/\/www.clinicalondresguatemala.com\/index.php?rest_route=\/wp\/v2\/pages"}],"about":[{"href":"https:\/\/www.clinicalondresguatemala.com\/index.php?rest_route=\/wp\/v2\/types\/page"}],"author":[{"embeddable":true,"href":"https:\/\/www.clinicalondresguatemala.com\/index.php?rest_route=\/wp\/v2\/users\/1"}],"replies":[{"embeddable":true,"href":"https:\/\/www.clinicalondresguatemala.com\/index.php?rest_route=%2Fwp%2Fv2%2Fcomments&post=2077"}],"version-history":[{"count":42,"href":"https:\/\/www.clinicalondresguatemala.com\/index.php?rest_route=\/wp\/v2\/pages\/2077\/revisions"}],"predecessor-version":[{"id":3602,"href":"https:\/\/www.clinicalondresguatemala.com\/index.php?rest_route=\/wp\/v2\/pages\/2077\/revisions\/3602"}],"wp:attachment":[{"href":"https:\/\/www.clinicalondresguatemala.com\/index.php?rest_route=%2Fwp%2Fv2%2Fmedia&parent=2077"}],"curies":[{"name":"wp","href":"https:\/\/api.w.org\/{rel}","templated":true}]}}