{"id":3319,"date":"2014-07-16T22:05:00","date_gmt":"2014-07-16T22:05:00","guid":{"rendered":"https:\/\/www.clinicalondresguatemala.com\/wp\/?page_id=3319"},"modified":"2014-07-31T15:40:54","modified_gmt":"2014-07-31T15:40:54","slug":"mastografia-digital","status":"publish","type":"page","link":"https:\/\/www.clinicalondresguatemala.com\/?page_id=3319","title":{"rendered":"MASTOGRAF\u00cdA DIGITAL"},"content":{"rendered":"<div class=\"row \">\n<div class=\"large-6 columns \">\n<p style=\"text-align: justify;\">La mastograf\u00eda es un estudio especial de Rayos X de los senos adaptado a un receptor. Es un procedimiento radiol\u00f3gico \u00fatil para detectar peque\u00f1os tumores mucho antes que puedan ser sentidos por usted o por su m\u00e9dico.<\/p>\n<p>En Centro Radiol\u00f3gico Cl\u00ednica Londres contamos con un equipo de mastograf\u00eda MAMMOGRAF C, marca SIEMENS para el diagn\u00f3stico por imagen de la mama.<\/p>\n<p>Algunas de las propiedades de esta nueva tecnolog\u00eda<\/p>\n<ul>\n<li>Menor dosis de radiaci\u00f3n debido a la manipulaci\u00f3n de la imagen.<\/li>\n<li>Rapidez en la obtenci\u00f3n y evaluaci\u00f3n de las im\u00e1genes<\/li>\n<li>Tecnolog\u00eda digital que simplifica el estudio de las im\u00e1genes<\/li>\n<\/ul>\n<p>EL RESULTADO DE SU EXAMEN SE LE ENTREGARA EL MISMO DIA, DESPUES DE REALIZADO EL MISMO, EXCEPTO CASOS ESPECIALES.<\/div>\n<div class=\"large-6 columns \"><iframe loading=\"lazy\" width=\"500\" height=\"200\" src=\"\/\/www.youtube.com\/embed\/4RoD7drBWJk?rel=0\" frameborder=\"0\" allowfullscreen><\/iframe><\/div><\/div>\n<div class=\"row \"><div class=\"large-6 columns \"><div class=\"title-block\"><h3>Estudios<\/h3><div class=\"divider\"><span><\/span><\/div><\/div><ul class=\"accordion\" id=\"accordion56631\">\t\t\t\n\t\t\t<li>\n\t\t\t\t<div class=\"handle\"><span><i><\/i><\/span><a href=\"#\">Mastograf\u00eda digital<\/a><\/div>\n\t\t\t\t<div class=\"panel loading\">\n\t\t\t\t\t<p><\/p>\n\t\t\t\t<\/div>\n           <\/li>\n\t\t\t\n\t\t\t<li>\n\t\t\t\t<div class=\"handle\"><span><i><\/i><\/span><a href=\"#\">Ultrasonido mamario<\/a><\/div>\n\t\t\t\t<div class=\"panel loading\">\n\t\t\t\t\t<p>\nEstudio de las gl\u00e1ndulas mamarias<br \/>\n<\/p>\n\t\t\t\t<\/div>\n           <\/li><\/ul>\n\t\t<script type=\"text\/javascript\">\n\t\tjQuery(document).ready(function() {\n\t\t\tjQuery(\"#accordion56631\").accordion({\n\t\t\t\thandle: \".handle\", \/\/ Default: \"h3\"\n\t\t\t\tpanel: \".panel\", \/\/ Default: \".panel\"\n\t\t\t\tspeed: 500, \/\/ Default: 200\n\t\t\t\teasing: \"easeInOutQuad\", \/\/ Default \"swing\"\n\t\t\t\tcanOpenMultiple: false, \/\/ Default: false\n\t\t\t\tcanToggle: false, \/\/ Default: false\n\t\t\t\tactiveClassPanel: \"open\", \/\/ Default: \"open\"\n\t\t\t\tactiveClassLi: \"active\", \/\/ Default: \"active\"\n\t\t\t\tlockedClass: \"locked\", \/\/ Default: \"locked\"\n\t\t\t\tloadingClass: \"loading\" \/\/ Default: \"loading\"\n\t\t\t});\n\t\t});\n\t\t<\/script>\n\t\t<\/div><div class=\"large-6 columns \">\n\t\t<div class=\"title-block\">\t\t\t\t\t\n\t\t\t<h3>Mastograf\u00eda<\/h3>\n\t\t\t<div class=\"divider\"><span><\/span><\/div>\n\t\t\t<div class=\"clearfix\"><\/div>\t\t\t\n\t\t<\/div>\n\t\t<div class=\"work_slide\">\n\t\t\t<ul class=\"work_slide80837\" id=\"testimonial_slide\"><li>\n\t<div class=\"testimonial-block\">\n\t\t<div class=\"testimonial-content\">\n\t\t\t<p><img loading=\"lazy\" decoding=\"async\" class=\"aligncenter size-full wp-image-3325\" src=\"https:\/\/www.clinicalondresguatemala.com\/wp-content\/uploads\/2014\/07\/mastografia.jpg\" alt=\"mastografia\" width=\"500\" height=\"667\" srcset=\"https:\/\/www.clinicalondresguatemala.com\/wp-content\/uploads\/2014\/07\/mastografia.jpg 500w, https:\/\/www.clinicalondresguatemala.com\/wp-content\/uploads\/2014\/07\/mastografia-224x300.jpg 224w\" sizes=\"auto, (max-width: 500px) 100vw, 500px\" \/><\/p>\n\t\t\t<span class=\"testimonial-divider\"><\/span>\n\t\t<\/div>\n\t\t<div class=\"testimonial-meta\"><cite><\/cite> - <\/div>\n\t<\/div><\/li>\n            <\/ul>\n\t\t\t\n\t\t\t<div class=\"clearfix\"><\/div>\n\t\t\t<a class=\"prev\" id=\"slide_prev80837\" href=\"#\"><img decoding=\"async\" src=\"https:\/\/www.clinicalondresguatemala.com\/wp-content\/themes\/medico\/images\/arrow_left.png\" alt=\"Prev\"><\/a>\n\t\t\t<a class=\"next\" id=\"slide_next80837\" href=\"#\"><img decoding=\"async\" src=\"https:\/\/www.clinicalondresguatemala.com\/wp-content\/themes\/medico\/images\/arrow_right.png\" alt=\"Next\"><\/a>\n\t\t <\/div>\n\t\t<script type=\"text\/javascript\">\n\t\t\tjQuery(window).load(function(){\n\t\t\t\tjQuery('.work_slide80837').carouFredSel({\n\t\t\t\t\tresponsive: true,\n\t\t\t\t\twidth: '100%',\n\t\t\t\t\tauto: {play: false},\n\t\t\t\t\tcircular\t: false,\n\t\t\t\t\tinfinite\t: true,\n\t\t\t\t\tprev : {button: \"#slide_prev80837\", key\t: \"left\"},\n\t\t\t\t\tnext : {button\t: \"#slide_next80837\", key : \"right\"},\n\t\t\t\t\tswipe: {onMouse: true, onTouch: true},\n\t\t\t\t\titems: {visible: {min: 1,max: 1}\n\t\t\t\t\t}\n\t\t\t\t});\n\t\t\t});\n\t\t<\/script><\/div>\n<\/div>\n<div class=\"row \"><div class=\"large-12 columns \">\n<div class=\"promo\">\n<div class=\"row\">\n<div class=\"large-10 columns\">\n<p><strong>CITAS:<\/strong> Si desea solicitar una cita, favor ingrese aqu\u00ed:<\/p>\n<\/div>\n<div class=\"large-2 columns \"><a class=\"button large shadow-button\" href=\"citaswp.php\"><strong>HACER CITA<\/strong><\/a><\/div>\n<\/div>\n<\/div>\n<\/div><\/div>\n","protected":false},"excerpt":{"rendered":"La mastograf\u00eda es un estudio especial de Rayos X de los senos adaptado a un receptor. Es un procedimiento radiol\u00f3gico \u00fatil para detectar peque\u00f1os tumores mucho antes que puedan ser sentidos por usted o por su m\u00e9dico. En Centro Radiol\u00f3gico Cl\u00ednica Londres contamos con un equipo de mastograf\u00eda MAMMOGRAF C, marca SIEMENS para el diagn\u00f3stico [...]","protected":false},"author":1,"featured_media":0,"parent":0,"menu_order":0,"comment_status":"open","ping_status":"open","template":"","meta":{"footnotes":""},"class_list":["post-3319","page","type-page","status-publish","hentry"],"_links":{"self":[{"href":"https:\/\/www.clinicalondresguatemala.com\/index.php?rest_route=\/wp\/v2\/pages\/3319","targetHints":{"allow":["GET"]}}],"collection":[{"href":"https:\/\/www.clinicalondresguatemala.com\/index.php?rest_route=\/wp\/v2\/pages"}],"about":[{"href":"https:\/\/www.clinicalondresguatemala.com\/index.php?rest_route=\/wp\/v2\/types\/page"}],"author":[{"embeddable":true,"href":"https:\/\/www.clinicalondresguatemala.com\/index.php?rest_route=\/wp\/v2\/users\/1"}],"replies":[{"embeddable":true,"href":"https:\/\/www.clinicalondresguatemala.com\/index.php?rest_route=%2Fwp%2Fv2%2Fcomments&post=3319"}],"version-history":[{"count":9,"href":"https:\/\/www.clinicalondresguatemala.com\/index.php?rest_route=\/wp\/v2\/pages\/3319\/revisions"}],"predecessor-version":[{"id":3581,"href":"https:\/\/www.clinicalondresguatemala.com\/index.php?rest_route=\/wp\/v2\/pages\/3319\/revisions\/3581"}],"wp:attachment":[{"href":"https:\/\/www.clinicalondresguatemala.com\/index.php?rest_route=%2Fwp%2Fv2%2Fmedia&parent=3319"}],"curies":[{"name":"wp","href":"https:\/\/api.w.org\/{rel}","templated":true}]}}